{"id":68,"date":"2024-05-14T08:22:19","date_gmt":"2024-05-14T08:22:19","guid":{"rendered":"http:\/\/la-flottille.local\/?page_id=68"},"modified":"2024-08-01T08:21:03","modified_gmt":"2024-08-01T08:21:03","slug":"notre-savoir-faire","status":"publish","type":"page","link":"https:\/\/restaurant-laflottille.fr\/de\/notre-savoir-faire\/","title":{"rendered":"Unser Know-how"},"content":{"rendered":"<p>[et_pb_section fb_built=\u00a0\u00bb1&Prime; make_equal=\u00a0\u00bbon\u00a0\u00bb use_custom_gutter=\u00a0\u00bbon\u00a0\u00bb gutter_width=\u00a0\u00bb1&Prime; specialty=\u00a0\u00bbon\u00a0\u00bb background_color_2=\u00a0\u00bb#ffffff\u00a0\u00bb bg_img_1=\u00a0\u00bbhttps:\/\/restaurant-laflottille.fr\/wp-content\/uploads\/2024\/07\/restaurant-laflottille-etretat_0000s_0001_358996027_18014200939662689_4215796331262031091_n.jpg\u00a0\u00bb background_size_1=\u00a0\u00bbcover\u00a0\u00bb padding_top_bottom_link_1=\u00a0\u00bbfalse\u00a0\u00bb padding_top_bottom_link_2=\u00a0\u00bbfalse\u00a0\u00bb padding_left_right_link_1=\u00a0\u00bbfalse\u00a0\u00bb padding_left_right_link_2=\u00a0\u00bbfalse\u00a0\u00bb admin_label=\u00a0\u00bbHeader\u00a0\u00bb _builder_version=\u00a0\u00bb4.27.0&Prime; use_background_color_gradient=\u00a0\u00bbon\u00a0\u00bb background_color_gradient_stops=\u00a0\u00bb#7f7b00 47%|#ffffff 47%\u00a0\u00bb height=\u00a0\u00bb706px\u00a0\u00bb custom_margin=\u00a0\u00bb||||false|false\u00a0\u00bb custom_padding=\u00a0\u00bb0px||||false|false\u00a0\u00bb hover_enabled=\u00a0\u00bb0&Prime; global_colors_info=\u00a0\u00bb{}\u00a0\u00bb title_text=\u00a0\u00bbrestaurant-laflottille-etretat_0000s_0001_358996027_18014200939662689_4215796331262031091_n\u00a0\u00bb sticky_enabled=\u00a0\u00bb0&Prime;][et_pb_column type=\u00a0\u00bb1_3&Prime; _builder_version=\u00a0\u00bb4.16&Prime; custom_padding=\u00a0\u00bb|||\u00a0\u00bb global_colors_info=\u00a0\u00bb{}\u00a0\u00bb custom_padding__hover=\u00a0\u00bb|||\u00a0\u00bb][et_pb_divider show_divider=\u00a0\u00bboff\u00a0\u00bb _builder_version=\u00a0\u00bb4.25.1&Prime; height=\u00a0\u00bb0px\u00a0\u00bb height_tablet=\u00a0\u00bb20vw\u00a0\u00bb height_phone=\u00a0\u00bb106vw\u00a0\u00bb height_last_edited=\u00a0\u00bbon|phone\u00a0\u00bb global_colors_info=\u00a0\u00bb{}\u00a0\u00bb][\/et_pb_divider][\/et_pb_column][et_pb_column type=\u00a0\u00bb2_3&Prime; specialty_columns=\u00a0\u00bb2&Prime; _builder_version=\u00a0\u00bb4.16&Prime; custom_padding=\u00a0\u00bb|||\u00a0\u00bb global_colors_info=\u00a0\u00bb{}\u00a0\u00bb custom_padding__hover=\u00a0\u00bb|||\u00a0\u00bb][et_pb_row_inner custom_padding_last_edited=\u00a0\u00bbon|tablet\u00a0\u00bb _builder_version=\u00a0\u00bb4.16&Prime; z_index=\u00a0\u00bb10&Prime; custom_padding=\u00a0\u00bb8vw|60px|8vw|60px|true|true\u00a0\u00bb custom_padding_tablet=\u00a0\u00bb|40px|8vw|40px|false|true\u00a0\u00bb custom_padding_phone=\u00a0\u00bb|20px||20px|false|true\u00a0\u00bb box_shadow_style=\u00a0\u00bbpreset4&Prime; box_shadow_horizontal=\u00a0\u00bb30vw\u00a0\u00bb box_shadow_vertical=\u00a0\u00bb0px\u00a0\u00bb box_shadow_color=\u00a0\u00bb#ffffff\u00a0\u00bb global_colors_info=\u00a0\u00bb{}\u00a0\u00bb][et_pb_column_inner saved_specialty_column_type=\u00a0\u00bb2_3&Prime; _builder_version=\u00a0\u00bb4.16&Prime; global_colors_info=\u00a0\u00bb{}\u00a0\u00bb][et_pb_text _builder_version=\u00a0\u00bb4.25.1&Prime; text_font=\u00a0\u00bbCabin||||||||\u00a0\u00bb text_text_color=\u00a0\u00bbrgba(85,101,112,0.8)\u00a0\u00bb text_font_size=\u00a0\u00bb16px\u00a0\u00bb text_line_height=\u00a0\u00bb1.8em\u00a0\u00bb header_font=\u00a0\u00bbYesteryear||||||||\u00a0\u00bb header_text_color=\u00a0\u00bb#000000&Prime; header_font_size=\u00a0\u00bb66px\u00a0\u00bb header_line_height=\u00a0\u00bb1.1em\u00a0\u00bb header_3_font=\u00a0\u00bbCabin|700||on|||||\u00a0\u00bb header_3_text_color=\u00a0\u00bb#bd8f52&Prime; header_3_font_size=\u00a0\u00bb13px\u00a0\u00bb header_3_letter_spacing=\u00a0\u00bb3px\u00a0\u00bb header_3_line_height=\u00a0\u00bb1.4em\u00a0\u00bb max_width=\u00a0\u00bb26vw\u00a0\u00bb max_width_tablet=\u00a0\u00bb90%\u00a0\u00bb max_width_phone=\u00a0\u00bb100%\u00a0\u00bb max_width_last_edited=\u00a0\u00bbon|tablet\u00a0\u00bb custom_margin=\u00a0\u00bb||||false|false\u00a0\u00bb text_font_size_tablet=\u00a0\u00bb15px\u00a0\u00bb text_font_size_phone=\u00a0\u00bb14px\u00a0\u00bb text_font_size_last_edited=\u00a0\u00bbon|phone\u00a0\u00bb header_font_size_tablet=\u00a0\u00bb52px\u00a0\u00bb header_font_size_phone=\u00a0\u00bb38px\u00a0\u00bb header_font_size_last_edited=\u00a0\u00bbon|desktop\u00a0\u00bb locked=\u00a0\u00bboff\u00a0\u00bb global_colors_info=\u00a0\u00bb{}\u00a0\u00bb]<\/p>\n<h3>\u00c0 PROPOS<\/h3>\n<h1>Notre philosophie<\/h1>\n<p>Le partage et la convivialit\u00e9 au sein de notre restaurant\u00a0 La Flottille cr\u00e9ent une ambiance chaleureuse et accueillante. Ces valeurs rendent chaque repas plus agr\u00e9able en rapprochant les gens autour de notre table.<\/p>\n<p>[\/et_pb_text][\/et_pb_column_inner][\/et_pb_row_inner][et_pb_row_inner make_equal=\u00a0\u00bbon\u00a0\u00bb _builder_version=\u00a0\u00bb4.25.1&Prime; custom_padding=\u00a0\u00bb0px||0px||true|false\u00a0\u00bb global_colors_info=\u00a0\u00bb{}\u00a0\u00bb][et_pb_column_inner saved_specialty_column_type=\u00a0\u00bb2_3&Prime; _builder_version=\u00a0\u00bb4.16&Prime; global_colors_info=\u00a0\u00bb{}\u00a0\u00bb][et_pb_button button_url=\u00a0\u00bb\/menu\u00a0\u00bb button_text=\u00a0\u00bbD\u00e9couvrir notre menu \u00a0\u00bb button_alignment=\u00a0\u00bbleft\u00a0\u00bb _builder_version=\u00a0\u00bb4.25.1&Prime; custom_button=\u00a0\u00bbon\u00a0\u00bb button_text_size=\u00a0\u00bb16px\u00a0\u00bb button_bg_color=\u00a0\u00bb#C1C492&Prime; button_border_width=\u00a0\u00bb0px\u00a0\u00bb button_border_radius=\u00a0\u00bb0px\u00a0\u00bb button_letter_spacing=\u00a0\u00bb1px\u00a0\u00bb button_font=\u00a0\u00bbCabin|700||on|||||\u00a0\u00bb background_layout=\u00a0\u00bbdark\u00a0\u00bb custom_padding=\u00a0\u00bb49px|32px|32px|32px|false|true\u00a0\u00bb custom_padding_tablet=\u00a0\u00bb56px||56px||true|true\u00a0\u00bb custom_padding_phone=\u00a0\u00bb24px||24px||true|true\u00a0\u00bb custom_padding_last_edited=\u00a0\u00bbon|phone\u00a0\u00bb global_colors_info=\u00a0\u00bb{}\u00a0\u00bb][\/et_pb_button][\/et_pb_column_inner][\/et_pb_row_inner][\/et_pb_column][\/et_pb_section][et_pb_section fb_built=\u00a0\u00bb1&Prime; admin_label=\u00a0\u00bbSection\u00a0\u00bb _builder_version=\u00a0\u00bb4.16&Prime; custom_padding=\u00a0\u00bb||0px|||\u00a0\u00bb global_colors_info=\u00a0\u00bb{}\u00a0\u00bb][et_pb_row _builder_version=\u00a0\u00bb4.16&Prime; width=\u00a0\u00bb40%\u00a0\u00bb width_tablet=\u00a0\u00bb80%\u00a0\u00bb width_phone=\u00a0\u00bb\u00a0\u00bb width_last_edited=\u00a0\u00bbon|tablet\u00a0\u00bb module_alignment=\u00a0\u00bbright\u00a0\u00bb custom_margin=\u00a0\u00bb-16vw|auto||auto|false|false\u00a0\u00bb module_alignment_tablet=\u00a0\u00bbcenter\u00a0\u00bb module_alignment_phone=\u00a0\u00bb\u00a0\u00bb module_alignment_last_edited=\u00a0\u00bbon|tablet\u00a0\u00bb global_colors_info=\u00a0\u00bb{}\u00a0\u00bb][et_pb_column type=\u00a0\u00bb4_4&Prime; _builder_version=\u00a0\u00bb4.16&Prime; global_colors_info=\u00a0\u00bb{}\u00a0\u00bb][et_pb_image src=\u00a0\u00bbhttps:\/\/restaurant-laflottille.fr\/wp-content\/uploads\/2024\/05\/illustration-laflottille-savoir-faire3.png\u00a0\u00bb title_text=\u00a0\u00bbillustration-laflottille-savoir-faire3&Prime; _builder_version=\u00a0\u00bb4.27.0&Prime; custom_padding=\u00a0\u00bb25px|||||\u00a0\u00bb hover_enabled=\u00a0\u00bb0&Prime; global_colors_info=\u00a0\u00bb{}\u00a0\u00bb sticky_enabled=\u00a0\u00bb0&Prime;][\/et_pb_image][\/et_pb_column][\/et_pb_row][\/et_pb_section][et_pb_section fb_built=\u00a0\u00bb1&Prime; custom_padding_last_edited=\u00a0\u00bbon|phone\u00a0\u00bb admin_label=\u00a0\u00bbAbout\u00a0\u00bb _builder_version=\u00a0\u00bb4.25.1&Prime; custom_padding_tablet=\u00a0\u00bb\u00a0\u00bb custom_padding_phone=\u00a0\u00bb||0px||false|false\u00a0\u00bb global_colors_info=\u00a0\u00bb{}\u00a0\u00bb][et_pb_row column_structure=\u00a0\u00bb1_2,1_2&Prime; _builder_version=\u00a0\u00bb4.16&Prime; custom_padding=\u00a0\u00bb0px|||||\u00a0\u00bb global_colors_info=\u00a0\u00bb{}\u00a0\u00bb][et_pb_column type=\u00a0\u00bb1_2&Prime; _builder_version=\u00a0\u00bb4.16&Prime; global_colors_info=\u00a0\u00bb{}\u00a0\u00bb][et_pb_text _builder_version=\u00a0\u00bb4.25.1&Prime; text_font=\u00a0\u00bbCabin||||||||\u00a0\u00bb text_text_color=\u00a0\u00bbrgba(85,101,112,0.8)\u00a0\u00bb text_font_size=\u00a0\u00bb16px\u00a0\u00bb text_line_height=\u00a0\u00bb1.8em\u00a0\u00bb header_font=\u00a0\u00bbYesteryear||||||||\u00a0\u00bb header_text_color=\u00a0\u00bb#000000&Prime; header_2_font=\u00a0\u00bbYesteryear||||||||\u00a0\u00bb header_2_text_color=\u00a0\u00bb#000000&Prime; header_2_font_size=\u00a0\u00bb56px\u00a0\u00bb header_2_line_height=\u00a0\u00bb1.1em\u00a0\u00bb header_3_font=\u00a0\u00bbCabin|700||on|||||\u00a0\u00bb header_3_text_color=\u00a0\u00bb#bd8f52&Prime; header_3_font_size=\u00a0\u00bb13px\u00a0\u00bb header_3_letter_spacing=\u00a0\u00bb3px\u00a0\u00bb header_3_line_height=\u00a0\u00bb1.4em\u00a0\u00bb max_width_tablet=\u00a0\u00bb90%\u00a0\u00bb max_width_phone=\u00a0\u00bb100%\u00a0\u00bb max_width_last_edited=\u00a0\u00bboff|desktop\u00a0\u00bb custom_margin=\u00a0\u00bb||2vw||false|false\u00a0\u00bb text_font_size_tablet=\u00a0\u00bb15px\u00a0\u00bb text_font_size_phone=\u00a0\u00bb14px\u00a0\u00bb text_font_size_last_edited=\u00a0\u00bbon|phone\u00a0\u00bb header_2_font_size_tablet=\u00a0\u00bb44px\u00a0\u00bb header_2_font_size_phone=\u00a0\u00bb32px\u00a0\u00bb header_2_font_size_last_edited=\u00a0\u00bbon|tablet\u00a0\u00bb locked=\u00a0\u00bboff\u00a0\u00bb global_colors_info=\u00a0\u00bb{}\u00a0\u00bb]<\/p>\n<h3>Depuis 2020<\/h3>\n<h2>Notre savoir-faire<\/h2>\n<p>Situ\u00e9 au c\u0153ur du village d\u2019Etretat, le restaurant La Flottille vous propose depuis plus de 15 ans une carte pour tous les go\u00fbts et tous les budgets.<\/p>\n<p>Entr\u00e9es, galettes de bl\u00e9 noir, grillades au feu de bois, salades, sp\u00e9cialit\u00e9s de la mer, fromages, moules, cr\u00eapes \u2026 sans oublier le menu enfant, vous attentent.<\/p>\n<p>Confectionn\u00e9s quotidiennement par nos cuisiniers, les plats propos\u00e9s sont faits maison, \u00e0 partir de produits frais, le plus souvent r\u00e9gionaux.<\/p>\n<p>L\u2019\u00e9quipe de la Flottille est heureuse de vous accueillir et de vous faire d\u00e9couvrir aux touristes de passage comme aux normands les sp\u00e9cialit\u00e9s qui font la richesse du terroir de Normandie.<\/p>\n<p>Le restaurant La Flottille vous accueille du mois de f\u00e9vrier au mois de novembre, dans une ambiance chaleureuse et conviviale.<\/p>\n<p>La salle dispose d\u2019une superbe chemin\u00e9e qui permet d\u2019accueillir la cuisson des pi\u00e8ces de viandes ou de poissons qui vous seront servies brais\u00e9es et cuites \u00e0 point.<\/p>\n<p>Situ\u00e9 au c\u0153ur de Etretat, au 22 rue Alphonse KARR, le restaurant s\u2019inscrit dans le pur style \u00e9tretatais, avec ses colombages et sa toiture en ardoises qui donne le charme que l\u2019on aime tant \u00e0 Etretat.<\/p>\n<p>N\u2019h\u00e9sitez plus ! Venez nous d\u00e9couvrir !<\/p>\n<p>[\/et_pb_text][et_pb_button button_url=\u00a0\u00bb\/contact\u00a0\u00bb button_text=\u00a0\u00bbcontact\u00a0\u00bb button_alignment=\u00a0\u00bbleft\u00a0\u00bb _builder_version=\u00a0\u00bb4.25.1&Prime; custom_button=\u00a0\u00bbon\u00a0\u00bb button_text_size=\u00a0\u00bb13px\u00a0\u00bb button_bg_color=\u00a0\u00bb#7F7B00&Prime; button_border_width=\u00a0\u00bb2px\u00a0\u00bb button_border_color=\u00a0\u00bb#7F7B00&Prime; button_border_radius=\u00a0\u00bb0px\u00a0\u00bb button_letter_spacing=\u00a0\u00bb2px\u00a0\u00bb button_font=\u00a0\u00bbCabin|600||on|||||\u00a0\u00bb button_use_icon=\u00a0\u00bboff\u00a0\u00bb background_layout=\u00a0\u00bbdark\u00a0\u00bb custom_margin_tablet=\u00a0\u00bb\u00a0\u00bb custom_margin_phone=\u00a0\u00bb30px||30px||false|false\u00a0\u00bb custom_margin_last_edited=\u00a0\u00bbon|phone\u00a0\u00bb custom_padding=\u00a0\u00bb16px|24px|16px|24px|true|true\u00a0\u00bb custom_padding_tablet=\u00a0\u00bb||||false|true\u00a0\u00bb custom_padding_phone=\u00a0\u00bb24px||24px||true|true\u00a0\u00bb custom_padding_last_edited=\u00a0\u00bboff|tablet\u00a0\u00bb box_shadow_style=\u00a0\u00bbpreset7&Prime; box_shadow_horizontal=\u00a0\u00bb0px\u00a0\u00bb box_shadow_vertical=\u00a0\u00bb0px\u00a0\u00bb box_shadow_spread=\u00a0\u00bb2px\u00a0\u00bb box_shadow_color=\u00a0\u00bb#ffffff\u00a0\u00bb locked=\u00a0\u00bboff\u00a0\u00bb global_colors_info=\u00a0\u00bb{}\u00a0\u00bb box_shadow_spread__hover_enabled=\u00a0\u00bbon|hover\u00a0\u00bb box_shadow_spread__hover=\u00a0\u00bb6px\u00a0\u00bb button_border_color__hover_enabled=\u00a0\u00bbon|hover\u00a0\u00bb button_border_color__hover=\u00a0\u00bb#d1d1d1&Prime;][\/et_pb_button][\/et_pb_column][et_pb_column type=\u00a0\u00bb1_2&Prime; _builder_version=\u00a0\u00bb4.16&Prime; custom_padding=\u00a0\u00bb104px||||false|false\u00a0\u00bb custom_padding_tablet=\u00a0\u00bb0px||||false|false\u00a0\u00bb custom_padding_phone=\u00a0\u00bb\u00a0\u00bb custom_padding_last_edited=\u00a0\u00bbon|tablet\u00a0\u00bb global_colors_info=\u00a0\u00bb{}\u00a0\u00bb][et_pb_text _builder_version=\u00a0\u00bb4.25.1&Prime; text_font=\u00a0\u00bbCabin||||||||\u00a0\u00bb text_text_color=\u00a0\u00bbrgba(85,101,112,0.8)\u00a0\u00bb text_line_height=\u00a0\u00bb1.8em\u00a0\u00bb header_text_color=\u00a0\u00bb#000000&Prime; header_3_font=\u00a0\u00bbCabin|700||on|||||\u00a0\u00bb header_3_text_color=\u00a0\u00bb#000000&Prime; header_3_font_size=\u00a0\u00bb16px\u00a0\u00bb header_3_letter_spacing=\u00a0\u00bb1px\u00a0\u00bb max_width=\u00a0\u00bb400px\u00a0\u00bb max_width_tablet=\u00a0\u00bb100%\u00a0\u00bb max_width_phone=\u00a0\u00bb100%\u00a0\u00bb max_width_last_edited=\u00a0\u00bbon|phone\u00a0\u00bb module_alignment=\u00a0\u00bbright\u00a0\u00bb custom_margin=\u00a0\u00bb||||false|false\u00a0\u00bb text_font_size_tablet=\u00a0\u00bb15px\u00a0\u00bb text_font_size_phone=\u00a0\u00bb14px\u00a0\u00bb text_font_size_last_edited=\u00a0\u00bboff|desktop\u00a0\u00bb locked=\u00a0\u00bboff\u00a0\u00bb global_colors_info=\u00a0\u00bb{}\u00a0\u00bb text_text_color__hover=\u00a0\u00bb#ffffff\u00a0\u00bb text_text_color__hover_enabled=\u00a0\u00bboff|desktop\u00a0\u00bb header_3_text_color__hover=\u00a0\u00bb#ffffff\u00a0\u00bb header_3_text_color__hover_enabled=\u00a0\u00bboff|desktop\u00a0\u00bb]<\/p>\n<h3>Notre mission<\/h3>\n<p class=\"p1\">Offrir \u00e0 nos clients une cuisine authentique et savoureuse avec des produits locaux et bruts. Avec une m\u00e9thode de cuisson traditionnelle au feu de bois, qui donne une saveur unique aux grillades. Nous nous engageons \u00e0 utiliser des ingr\u00e9dients de haute qualit\u00e9, sourc\u00e9s localement autant que possible, afin de garantir la fra\u00eecheur et de soutenir les producteurs r\u00e9gionaux.<\/p>\n<p>[\/et_pb_text][et_pb_text _builder_version=\u00a0\u00bb4.23&Prime; text_font=\u00a0\u00bbCabin||||||||\u00a0\u00bb text_text_color=\u00a0\u00bbrgba(85,101,112,0.8)\u00a0\u00bb text_line_height=\u00a0\u00bb1.8em\u00a0\u00bb header_3_font=\u00a0\u00bbCabin|700||on|||||\u00a0\u00bb header_3_text_color=\u00a0\u00bb#000000&Prime; header_3_font_size=\u00a0\u00bb16px\u00a0\u00bb header_3_letter_spacing=\u00a0\u00bb1px\u00a0\u00bb max_width=\u00a0\u00bb400px\u00a0\u00bb max_width_tablet=\u00a0\u00bb100%\u00a0\u00bb max_width_phone=\u00a0\u00bb100%\u00a0\u00bb max_width_last_edited=\u00a0\u00bbon|phone\u00a0\u00bb module_alignment=\u00a0\u00bbright\u00a0\u00bb custom_margin=\u00a0\u00bb|||-42px|false|false\u00a0\u00bb text_font_size_tablet=\u00a0\u00bb15px\u00a0\u00bb text_font_size_phone=\u00a0\u00bb14px\u00a0\u00bb text_font_size_last_edited=\u00a0\u00bboff|desktop\u00a0\u00bb locked=\u00a0\u00bboff\u00a0\u00bb global_colors_info=\u00a0\u00bb{}\u00a0\u00bb text_text_color__hover=\u00a0\u00bb#ffffff\u00a0\u00bb text_text_color__hover_enabled=\u00a0\u00bboff|desktop\u00a0\u00bb header_3_text_color__hover=\u00a0\u00bb#ffffff\u00a0\u00bb header_3_text_color__hover_enabled=\u00a0\u00bboff|desktop\u00a0\u00bb]<\/p>\n<h3>Nos valeurs<\/h3>\n<p class=\"p1\">Agir avec int\u00e9grit\u00e9 dans toutes les op\u00e9rations du restaurant, depuis le respect des employ\u00e9s et des fournisseurs jusqu\u2019\u00e0 l\u2019honn\u00eatet\u00e9 envers les clients. Cela comprend le respect des normes \u00e9thiques \u00e9lev\u00e9es dans le traitement des animaux, le choix des produits, et la transparence des pratiques.<\/p>\n<p>[\/et_pb_text][\/et_pb_column][\/et_pb_row][et_pb_row column_structure=\u00a0\u00bb1_2,1_2&Prime; admin_label=\u00a0\u00bbRow\u00a0\u00bb _builder_version=\u00a0\u00bb4.25.1&Prime; global_colors_info=\u00a0\u00bb{}\u00a0\u00bb][et_pb_column type=\u00a0\u00bb1_2&Prime; _builder_version=\u00a0\u00bb4.16&Prime; global_colors_info=\u00a0\u00bb{}\u00a0\u00bb][et_pb_video src=\u00a0\u00bbhttps:\/\/restaurant-laflottille.fr\/wp-content\/uploads\/2024\/06\/restaurant-la-flottille-etretat-video-presentation-grillades.mp4&Prime; image_src=\u00a0\u00bbhttps:\/\/restaurant-laflottille-fr.preview-domain.com\/wp-content\/uploads\/2024\/05\/bistro-15.jpg\u00a0\u00bb play_icon_color=\u00a0\u00bb#b78448&Prime; thumbnail_overlay_color=\u00a0\u00bbrgba(0,0,0,0.6)\u00a0\u00bb _builder_version=\u00a0\u00bb4.27.0&Prime; width=\u00a0\u00bb100%\u00a0\u00bb module_alignment=\u00a0\u00bbcenter\u00a0\u00bb hover_enabled=\u00a0\u00bb0&Prime; global_colors_info=\u00a0\u00bb{}\u00a0\u00bb title_text=\u00a0\u00bbrestaurant-la-flottille-etretat-video-presentation-grillades\u00a0\u00bb sticky_enabled=\u00a0\u00bb0&Prime;][\/et_pb_video][\/et_pb_column][et_pb_column type=\u00a0\u00bb1_2&Prime; _builder_version=\u00a0\u00bb4.16&Prime; global_colors_info=\u00a0\u00bb{}\u00a0\u00bb][et_pb_image src=\u00a0\u00bbhttps:\/\/restaurant-laflottille.fr\/wp-content\/uploads\/2024\/06\/IMG_9867.jpg\u00a0\u00bb alt=\u00a0\u00bbexpression-normande-goule-laflottille-etretat\u00a0\u00bb title_text=\u00a0\u00bbexpression-normande-goule-laflottille-etretat\u00a0\u00bb _builder_version=\u00a0\u00bb4.27.0&Prime; _module_preset=\u00a0\u00bbdefault\u00a0\u00bb hover_enabled=\u00a0\u00bb0&Prime; global_colors_info=\u00a0\u00bb{}\u00a0\u00bb sticky_enabled=\u00a0\u00bb0&Prime;][\/et_pb_image][\/et_pb_column][\/et_pb_row][\/et_pb_section][et_pb_section fb_built=\u00a0\u00bb1&Prime; custom_padding_last_edited=\u00a0\u00bbon|phone\u00a0\u00bb admin_label=\u00a0\u00bbReviews\u00a0\u00bb _builder_version=\u00a0\u00bb4.25.1&Prime; custom_padding=\u00a0\u00bb||100px|||\u00a0\u00bb custom_padding_tablet=\u00a0\u00bb||100px|||\u00a0\u00bb custom_padding_phone=\u00a0\u00bb0px||48px||false|false\u00a0\u00bb global_colors_info=\u00a0\u00bb{}\u00a0\u00bb][et_pb_row column_structure=\u00a0\u00bb2_5,3_5&Prime; make_equal=\u00a0\u00bbon\u00a0\u00bb _builder_version=\u00a0\u00bb4.23&Prime; global_colors_info=\u00a0\u00bb{}\u00a0\u00bb][et_pb_column type=\u00a0\u00bb2_5&Prime; _builder_version=\u00a0\u00bb4.16&Prime; global_colors_info=\u00a0\u00bb{}\u00a0\u00bb][et_pb_image src=\u00a0\u00bbhttps:\/\/restaurant-laflottille.fr\/wp-content\/uploads\/2024\/05\/illustration-laflottille-savoir-faire2.jpg\u00a0\u00bb title_text=\u00a0\u00bbillustration-laflottille-savoir-faire2&Prime; _builder_version=\u00a0\u00bb4.27.0&Prime; custom_margin=\u00a0\u00bb|||-8vw|false|false\u00a0\u00bb custom_margin_tablet=\u00a0\u00bb|||0vw|false|false\u00a0\u00bb custom_margin_phone=\u00a0\u00bb\u00a0\u00bb custom_margin_last_edited=\u00a0\u00bbon|phone\u00a0\u00bb hover_enabled=\u00a0\u00bb0&Prime; global_colors_info=\u00a0\u00bb{}\u00a0\u00bb sticky_enabled=\u00a0\u00bb0&Prime;][\/et_pb_image][\/et_pb_column][et_pb_column type=\u00a0\u00bb3_5&Prime; _builder_version=\u00a0\u00bb4.23&Prime; background_color=\u00a0\u00bb#F4F1EB\u00a0\u00bb custom_padding=\u00a0\u00bb40px||40px|40px|true|false\u00a0\u00bb custom_padding_tablet=\u00a0\u00bb|||30px|true|false\u00a0\u00bb custom_padding_phone=\u00a0\u00bb|||20px|true|false\u00a0\u00bb custom_padding_last_edited=\u00a0\u00bbon|phone\u00a0\u00bb box_shadow_style=\u00a0\u00bbpreset4&Prime; box_shadow_horizontal=\u00a0\u00bb20vw\u00a0\u00bb box_shadow_vertical=\u00a0\u00bb0px\u00a0\u00bb box_shadow_color=\u00a0\u00bb#F4F1EB\u00a0\u00bb global_colors_info=\u00a0\u00bb{}\u00a0\u00bb][et_pb_text _builder_version=\u00a0\u00bb4.25.1&Prime; text_font=\u00a0\u00bbCabin||||||||\u00a0\u00bb text_text_color=\u00a0\u00bbrgba(85,101,112,0.8)\u00a0\u00bb text_font_size=\u00a0\u00bb16px\u00a0\u00bb text_line_height=\u00a0\u00bb1.8em\u00a0\u00bb header_font=\u00a0\u00bbYesteryear||||||||\u00a0\u00bb header_text_color=\u00a0\u00bb#000000&Prime; header_2_font=\u00a0\u00bbYesteryear||||||||\u00a0\u00bb header_2_text_color=\u00a0\u00bb#000000&Prime; header_2_font_size=\u00a0\u00bb56px\u00a0\u00bb header_2_line_height=\u00a0\u00bb1.1em\u00a0\u00bb header_3_font=\u00a0\u00bbCabin|700||on|||||\u00a0\u00bb header_3_text_color=\u00a0\u00bb#bd8f52&Prime; header_3_font_size=\u00a0\u00bb13px\u00a0\u00bb header_3_letter_spacing=\u00a0\u00bb3px\u00a0\u00bb header_3_line_height=\u00a0\u00bb1.4em\u00a0\u00bb max_width=\u00a0\u00bb480px\u00a0\u00bb max_width_tablet=\u00a0\u00bb90%\u00a0\u00bb max_width_phone=\u00a0\u00bb100%\u00a0\u00bb max_width_last_edited=\u00a0\u00bboff|desktop\u00a0\u00bb custom_margin=\u00a0\u00bb|0px|||false|false\u00a0\u00bb text_font_size_tablet=\u00a0\u00bb15px\u00a0\u00bb text_font_size_phone=\u00a0\u00bb14px\u00a0\u00bb text_font_size_last_edited=\u00a0\u00bbon|phone\u00a0\u00bb header_2_font_size_tablet=\u00a0\u00bb44px\u00a0\u00bb header_2_font_size_phone=\u00a0\u00bb32px\u00a0\u00bb header_2_font_size_last_edited=\u00a0\u00bbon|tablet\u00a0\u00bb locked=\u00a0\u00bboff\u00a0\u00bb global_colors_info=\u00a0\u00bb{}\u00a0\u00bb header_2_2_font_size_phone=\u00a0\u00bb32px\u00a0\u00bb header_3_2_font_size_phone=\u00a0\u00bb32px\u00a0\u00bb header_4_2_font_size_phone=\u00a0\u00bb32px\u00a0\u00bb header_5_2_font_size_phone=\u00a0\u00bb32px\u00a0\u00bb header_6_2_font_size_phone=\u00a0\u00bb32px\u00a0\u00bb header_2_2_font_size_tablet=\u00a0\u00bb44px\u00a0\u00bb header_3_2_font_size_tablet=\u00a0\u00bb44px\u00a0\u00bb header_4_2_font_size_tablet=\u00a0\u00bb44px\u00a0\u00bb header_5_2_font_size_tablet=\u00a0\u00bb44px\u00a0\u00bb header_6_2_font_size_tablet=\u00a0\u00bb44px\u00a0\u00bb header_2_2_font_size_last_edited=\u00a0\u00bbon|tablet\u00a0\u00bb header_3_2_font_size_last_edited=\u00a0\u00bbon|tablet\u00a0\u00bb header_4_2_font_size_last_edited=\u00a0\u00bbon|tablet\u00a0\u00bb header_5_2_font_size_last_edited=\u00a0\u00bbon|tablet\u00a0\u00bb header_6_2_font_size_last_edited=\u00a0\u00bbon|tablet\u00a0\u00bb]<\/p>\n<h3>Venez d\u00e9couvrir<\/h3>\n<h2>Nos sp\u00e9cialit\u00e9s<\/h2>\n<p class=\"p1\">Situ\u00e9 au c\u0153ur de la charmante ville d&rsquo;\u00c9tretat, notre restaurant convivial vous invite \u00e0 savourer des grillades exquises pr\u00e9par\u00e9es dans une <strong>chemin\u00e9e du XVIIe si\u00e8cle<\/strong>, apportant une touche d\u2019authenticit\u00e9 et de tradition \u00e0 chaque plat.<\/p>\n<p class=\"p1\">Venez profiter d\u2019une ambiance chaleureuse o\u00f9 le cr\u00e9pitement du feu et les saveurs fum\u00e9es rendent chaque repas m\u00e9morable.<\/p>\n<p>[\/et_pb_text][\/et_pb_column][\/et_pb_row][\/et_pb_section]<\/p>\n","protected":false},"excerpt":{"rendered":"<p>\u00c0 PROPOS Notre philosophie Le partage et la convivialit\u00e9 au sein de notre restaurant\u00a0 La Flottille cr\u00e9ent une ambiance chaleureuse et accueillante. Ces valeurs rendent chaque repas plus agr\u00e9able en rapprochant les gens autour de notre table.Depuis 2020 Notre savoir-faire Situ\u00e9 au c\u0153ur du village d\u2019Etretat, le restaurant La Flottille vous propose depuis plus de [&hellip;]<\/p>\n","protected":false},"author":1,"featured_media":0,"parent":0,"menu_order":0,"comment_status":"closed","ping_status":"closed","template":"","meta":{"_et_pb_use_builder":"on","_et_pb_old_content":"","_et_gb_content_width":"","footnotes":""},"dipi_cpt_category":[],"class_list":["post-68","page","type-page","status-publish","hentry"],"_links":{"self":[{"href":"https:\/\/restaurant-laflottille.fr\/de\/wp-json\/wp\/v2\/pages\/68","targetHints":{"allow":["GET"]}}],"collection":[{"href":"https:\/\/restaurant-laflottille.fr\/de\/wp-json\/wp\/v2\/pages"}],"about":[{"href":"https:\/\/restaurant-laflottille.fr\/de\/wp-json\/wp\/v2\/types\/page"}],"author":[{"embeddable":true,"href":"https:\/\/restaurant-laflottille.fr\/de\/wp-json\/wp\/v2\/users\/1"}],"replies":[{"embeddable":true,"href":"https:\/\/restaurant-laflottille.fr\/de\/wp-json\/wp\/v2\/comments?post=68"}],"version-history":[{"count":26,"href":"https:\/\/restaurant-laflottille.fr\/de\/wp-json\/wp\/v2\/pages\/68\/revisions"}],"predecessor-version":[{"id":25952168,"href":"https:\/\/restaurant-laflottille.fr\/de\/wp-json\/wp\/v2\/pages\/68\/revisions\/25952168"}],"wp:attachment":[{"href":"https:\/\/restaurant-laflottille.fr\/de\/wp-json\/wp\/v2\/media?parent=68"}],"wp:term":[{"taxonomy":"dipi_cpt_category","embeddable":true,"href":"https:\/\/restaurant-laflottille.fr\/de\/wp-json\/wp\/v2\/dipi_cpt_category?post=68"}],"curies":[{"name":"wp","href":"https:\/\/api.w.org\/{rel}","templated":true}]}}